{"id":286,"date":"2021-06-10T09:42:28","date_gmt":"2021-06-10T08:42:28","guid":{"rendered":"https:\/\/engineproject.eu\/?page_id=286"},"modified":"2024-02-15T15:54:04","modified_gmt":"2024-02-15T14:54:04","slug":"university-of-durres-aleksander-moisiu","status":"publish","type":"page","link":"https:\/\/engineproject.eu\/?page_id=286","title":{"rendered":"University of Durr\u00ebs Aleksand\u00ebr Moisiu"},"content":{"rendered":"\n\n\n\r\n<h2><span style=\"font-weight: bold; color: rgba(15, 12, 12, 0.96); font-family: Poppins; font-size: 16px;\">Aleksander Moisiu University<\/span><\/h2>\r\n\n\n<p class=\"MsoNormal\" style=\"margin-bottom: 0cm; text-align: justify; line-height: normal; background-image: initial; background-position: initial; background-size: initial; background-repeat: initial; background-attachment: initial; background-origin: initial; background-clip: initial;\"><span style=\"font-size:11.5pt;font-family:&quot;Arial&quot;,sans-serif;\nmso-fareast-font-family:&quot;Times New Roman&quot;;color:black;mso-color-alt:windowtext;\nmso-font-kerning:0pt;mso-ligatures:none\">Short description of the Aleksander\nMoisiu University, Durres&nbsp;Aleksand\u00ebr Moisiu University of Durr\u00ebs&nbsp;(<a href=\"https:\/\/en.wikipedia.org\/wiki\/Albanian_language\">Albanian<\/a>:&nbsp;Universiteti\n\u201cAleksand\u00ebr Moisiu\u201d Durr\u00ebs; initialism:&nbsp;UAMD), is the newest&nbsp;<a href=\"https:\/\/en.wikipedia.org\/wiki\/Public_university\">public\nacademic institution<\/a>&nbsp;of the&nbsp;<a href=\"https:\/\/en.wikipedia.org\/wiki\/Republic_of_Albania\">Republic of Albania<\/a>. The Albanian Government\nfounded on 20 December 2005 the Aleksander Moisiu University. More than 1,300\nstudents started classes as of October 2, 2006.<a href=\"https:\/\/en.wikipedia.org\/wiki\/Aleksand%C3%ABr_Moisiu_University_of_Durr%C3%ABs#cite_note-9\">[9]<\/a>&nbsp;University of Durr\u00ebs took its name\nfrom&nbsp;<a href=\"https:\/\/en.wikipedia.org\/wiki\/Austria\">Austrian<\/a>\u2013<a href=\"https:\/\/en.wikipedia.org\/wiki\/Italy\">Italian<\/a>&nbsp;actor&nbsp;<a href=\"https:\/\/en.wikipedia.org\/wiki\/Aleksand%C3%ABr_Moisiu\">Aleksand\u00ebr Moisiu<\/a>, who was of&nbsp;<a href=\"https:\/\/en.wikipedia.org\/wiki\/Albanians\">Albanian<\/a>&nbsp;descent.\nToday the university encounters:<\/span><span style=\"font-size:11.5pt;\nfont-family:&quot;Arial&quot;,sans-serif;mso-fareast-font-family:&quot;Times New Roman&quot;;\nmso-font-kerning:0pt;mso-ligatures:none\"><o:p><\/o:p><\/span><\/p><ul style=\"margin-top:0cm\" type=\"disc\">\n <li class=\"MsoNormal\" style=\"margin-bottom: 0cm; text-align: justify; line-height: normal; background-image: initial; background-position: initial; background-size: initial; background-repeat: initial; background-attachment: initial; background-origin: initial; background-clip: initial;\"><span style=\"font-size:11.5pt;font-family:&quot;Arial&quot;,sans-serif;mso-fareast-font-family:\n     &quot;Times New Roman&quot;;color:black;mso-color-alt:windowtext;mso-font-kerning:\n     0pt;mso-ligatures:none\">More than 20 000 students<\/span><span style=\"font-size:11.5pt;font-family:&quot;Arial&quot;,sans-serif;mso-fareast-font-family:\n     &quot;Times New Roman&quot;;mso-font-kerning:0pt;mso-ligatures:none\"><o:p><\/o:p><\/span><\/li>\n <li class=\"MsoNormal\" style=\"margin-bottom: 0cm; text-align: justify; line-height: normal; background-image: initial; background-position: initial; background-size: initial; background-repeat: initial; background-attachment: initial; background-origin: initial; background-clip: initial;\"><span style=\"font-size:11.5pt;font-family:&quot;Arial&quot;,sans-serif;mso-fareast-font-family:\n     &quot;Times New Roman&quot;;color:black;mso-color-alt:windowtext;mso-font-kerning:\n     0pt;mso-ligatures:none\">6 Faculties: Faculty of Business, Faculty of\n     Information Technology, Faculty of Education, Faculty of Political and\n     Juridical Sciences, Faculty of Professional Studies, Faculty of Integrated\n     Studies with Practice (FASTIP).<\/span><span style=\"font-size:11.5pt;\n     font-family:&quot;Arial&quot;,sans-serif;mso-fareast-font-family:&quot;Times New Roman&quot;;\n     mso-font-kerning:0pt;mso-ligatures:none\"><o:p><\/o:p><\/span><\/li>\n<\/ul><ul style=\"margin-top:0cm\" type=\"disc\">\n <li class=\"MsoNormal\" style=\"margin-bottom: 0cm; text-align: justify; line-height: normal; background-image: initial; background-position: initial; background-size: initial; background-repeat: initial; background-attachment: initial; background-origin: initial; background-clip: initial;\"><span style=\"font-size:11.5pt;font-family:&quot;Arial&quot;,sans-serif;mso-fareast-font-family:\n     &quot;Times New Roman&quot;;color:black;mso-color-alt:windowtext;mso-font-kerning:\n     0pt;mso-ligatures:none\">Study programs: &nbsp;42 Bachelor, 25 Professional\n     Master and 19 Master of Science, 10 Professional Diplomas available.<\/span>The University is located in the ancient city of&nbsp;<a href=\"https:\/\/en.wikipedia.org\/wiki\/Durr%C3%ABs\" style=\"font-family: Arial, sans-serif; font-size: 11.5pt; background-color: rgb(255, 255, 255);\">Durres<\/a><span style=\"color: black; font-family: Arial, sans-serif; font-size: 11.5pt;\">.\nThe rector of Aleksander Moisiu University is&nbsp;Prof. Dr.&nbsp;<\/span><a href=\"https:\/\/en.wikipedia.org\/w\/index.php?title=Kseanela_Sotirofski&amp;action=edit&amp;redlink=1\" style=\"font-family: Arial, sans-serif; font-size: 11.5pt; background-color: rgb(255, 255, 255);\">Kseanela Sotirofski<\/a><span style=\"color: black; font-family: Arial, sans-serif; font-size: 11.5pt;\">.<\/span><\/li><\/ul><ul style=\"margin-top:0cm\" type=\"disc\">\n <li class=\"MsoNormal\" style=\"margin-bottom: 0cm; text-align: justify; line-height: normal; background-image: initial; background-position: initial; background-size: initial; background-repeat: initial; background-attachment: initial; background-origin: initial; background-clip: initial;\"><span style=\"font-size:11.5pt;font-family:&quot;Arial&quot;,sans-serif;mso-fareast-font-family:\n     &quot;Times New Roman&quot;;color:black;mso-color-alt:windowtext;mso-font-kerning:\n     0pt;mso-ligatures:none\">Role of the University in this project:<\/span>UAMD as a project partner (P7) is co-lead in WP1 and\nsupport all project activities successful&nbsp; implementation.<\/li><\/ul><p>\n\n\n\n\n\n\n\n\n\n\n\n<\/p><ul style=\"margin-top:0cm\" type=\"disc\">\n <li class=\"MsoNormal\" style=\"margin-bottom: 0cm; text-align: justify; line-height: normal; background-image: initial; background-position: initial; background-size: initial; background-repeat: initial; background-attachment: initial; background-origin: initial; background-clip: initial;\"><span style=\"font-size:11.5pt;font-family:&quot;Arial&quot;,sans-serif;mso-fareast-font-family:\n     &quot;Times New Roman&quot;;color:black;mso-color-alt:windowtext;mso-font-kerning:\n     0pt;mso-ligatures:none\">University official website:&nbsp;uamd.edu.al<\/span><span style=\"font-size:11.5pt;font-family:&quot;Arial&quot;,sans-serif;mso-fareast-font-family:\n     &quot;Times New Roman&quot;;mso-font-kerning:0pt;mso-ligatures:none\"><o:p><\/o:p><\/span><\/li>\n<\/ul><ul>\n<\/ul>\n<p>&nbsp;<\/p>\n<p><img loading=\"lazy\" decoding=\"async\" src=\"https:\/\/engineproject.eu\/wp-content\/uploads\/2021\/06\/ltoti-150x150.jpg\" alt=\"\" width=\"150\" height=\"150\"><\/p>\n<p style=\"margin: 0cm; text-align: justify; background-image: initial; background-position: initial; background-size: initial; background-repeat: initial; background-attachment: initial; background-origin: initial; background-clip: initial;\"><strong><span style=\"font-size:11.5pt;font-family:&quot;Arial&quot;,sans-serif;color:black;mso-color-alt:\nwindowtext\">Dr. Lu\u00e7iana Toti&nbsp;Coordinator<\/span><\/strong><span style=\"font-size:11.5pt;font-family:&quot;Arial&quot;,sans-serif;color:black;mso-color-alt:\nwindowtext\">&nbsp;E-mail:&nbsp;lucianatoti@uamd.edu.al&nbsp;Tel: +355 672 530\n590 Ms.<\/span><span style=\"font-size:11.5pt;font-family:&quot;Arial&quot;,sans-serif\"><o:p><\/o:p><\/span><\/p><p style=\"margin: 0cm; text-align: justify; background-image: initial; background-position: initial; background-size: initial; background-repeat: initial; background-attachment: initial; background-origin: initial; background-clip: initial;\">\n\n<\/p><p style=\"margin: 0cm; background-image: initial; background-position: initial; background-size: initial; background-repeat: initial; background-attachment: initial; background-origin: initial; background-clip: initial; text-align: justify;\"><span style=\"font-size:11.5pt;font-family:&quot;Arial&quot;,sans-serif;\ncolor:black;mso-color-alt:windowtext\">Luciana Toti was born in Tirana on 12 May\n1968. She holds diploma as Electrical Engineer from Polytechnic University of\nTirana in 1991; a PhD diploma in field of green energy, regarding on the use of\nrenewable resources, economic and ecological benefits, the analysis and\nimplementation of photovoltaic systems. 1991-1995 she worked in the public\nsector, as an electrical engineer in the Fridge Enterprise (No. 3) where she\nwas part of the main team for a considerable number of projects. 1995-2010 she\nhas been a teacher of technical subjects in Electrical High School and Harry\nFultz Institute. The main subject she taught included: Electrotechnics,\nElectronic Principles, Power Electronics, etc. She has also been part of many\nworkgroups, for compilation mature tests, for accreditation of the electronic\nbranch, for different curricula of vocational high schools in Albania. Since\n2010 onwards she is a full time Lecturer at the Department of Information\nTechnology, Faculty of Information Technology in Aleksander Moisiu University\nof Durres for different courses related to Information Technology, Analog and\nDigital Electronics, Project Management, etc. March 2017 \u2013 October 2020 Ms.\nTOTI has been the Head of Information Technology Department. She is Author of\nsome textbooks, such as: &#8220;Computer Logic&#8221; (University Studies);\n&#8220;Electronics 1&#8221;, &#8220;Electronics 2&#8243;, &#8221; Fundamentals of\nDigital Systems \u201c, (approved by the Ministry of Education), Electronic Systems,\netc. Lu\u00e7iana TOTI is author of many publications in different scientific\njournals published in Spain, UK, Italy, Kosovo, etc. and has participated in\nmore than 16 of International and National Scientific Conferences.<\/span><span style=\"font-size:11.5pt;font-family:&quot;Arial&quot;,sans-serif\"><o:p><\/o:p><\/span><\/p>\n<p><img loading=\"lazy\" decoding=\"async\" src=\"https:\/\/engineproject.eu\/wp-content\/uploads\/2021\/06\/ometalla-150x150.jpg\" alt=\"\" width=\"150\" height=\"150\"><br><\/p>\n<p><strong>OSMAN METALLA<\/strong><strong>&nbsp;Manager<\/strong>&nbsp;E-mail:&nbsp;osmanmetalla@uamd.edu.al&nbsp;<\/p>\n<p style=\"text-align: justify;\">Mr. Metalla was born in Durres on 17 July 1964. He is a graduate of the Albanian Naval Academy and has an extended experience in the field of transport, management and logistics. During his course of the professional carrier he spent more than 27 years of experience in Port management,&nbsp;transports,&nbsp;port traffic, navigation safety, maritime legislation, port services and in project implementations in maritime and&nbsp;all transport infrastructure (road and rail transport included) in the country.&nbsp;Coordinator of the national transport sectorial strategy&nbsp;(2006). Experienced in identification, planning and management of transport infrastructure projects, including feasibility studies, cos benefit studies and planning,&nbsp;monitoring and evaluation of the international infrastructure projects.&nbsp;He holds a&nbsp;PhD in Transport management (\u201cPort management \u2013 port spaces and their effects in port performance\u201d). He has an extended experience in management of international projects (Director of Project implementation Unit at the ministry of Transport for the BERZH infrastructure project). Some of his areas of expertise include:<\/p>\n<ul>\n<li>Experienced in Transport Demand Analysis \/ Traffic Surveys, Design of Questionnaires and the relevant Data Analysis, Transport Demand forecasting and evaluation, using 4 stage transport models.<\/li>\n<li>Managing Freight transport through water, road and rail (multimodal transport management)<\/li>\n<li>Participation to feasibility studies for transport infrastructure, Port &amp; Railway<\/li>\n<li>Excellent communication skills in in projects with international and local experts involvement<\/li>\n<li>Leading multidisciplinary teams<\/li>\n<li>Acting as liaison with Supervising and Managing Authorities<\/li>\n<\/ul>\n<p>&nbsp;<\/p>\n<p>&nbsp;&nbsp;<img loading=\"lazy\" decoding=\"async\" src=\"https:\/\/engineproject.eu\/wp-content\/uploads\/2021\/06\/nterezi-150x150.jpg\" alt=\"\" width=\"150\" height=\"150\"><\/p>\n<p><strong>PhD Eng Nikollaq TEREZI<\/strong><strong>&nbsp;Scientific Researcher\/ lecture<\/strong>&nbsp;Email:&nbsp;<a href=\"mailto:nikollaqterezi@uamd.edu.al\">nikollaqterezi@uamd.edu.al<\/a>&nbsp;<\/p>\n<p style=\"text-align: justify;\">Mr. Nikollaq Terezi is a Reseacher\/Lecturer at the Department of Information Technology, Faculty of Information Technology at Aleksander Moisiu University, Durr\u00ebs. By dt. 12.01.1985 he graduated in &#8220;University of Tirana&#8221; in the Electronics Engineering branch, equivalent to the MSc degree, and dt.24.01.2017 from the University of Tirana with Doctor of Science degree. In the period from 06.09.1994 to 01.12.1995 he has completed Post Master studies in the field of telecommunication, in Germany. Following with qualification in Sweden, Italy and Greece at companies like NOKIA, ALCATEL and OTE. In the period 1999-2005 he has held the position of the Director of technical Department at AMC (now Telekom), as well as that of the Managed Service at Albtelecom and Eagle Mobile in the period 1993-94, 1996-98 and 2008-2010. Dr. Terezi belongs to the long time researchers in the field of telecommunications. He is a regular participant of scientific activities and the author of publications in national and international scientific journals and conferences.&nbsp; Among others include:<\/p>\n<ol>\n<li>Member of technical group for the rollout of the first cellular network in Albania by AMC(2000-2002).<\/li>\n<li>Organizer of state exams by means of computer-based testing carried out under the frame of Regulated Professions in Albania (2011),<\/li>\n<li>Study on Broadband Telecommunication Development in Albania(2011-2016)<\/li>\n<\/ol>\n<p>&nbsp;<\/p>\n<p>&nbsp;&nbsp;<img loading=\"lazy\" decoding=\"async\" src=\"https:\/\/engineproject.eu\/wp-content\/uploads\/2021\/06\/mklemo-150x150.png\" alt=\"\" width=\"150\" height=\"150\"><\/p>\n<p><strong>Marsida Klemo<\/strong><strong>&nbsp;Scientific Researcher\/ lecture<\/strong>&nbsp;E-mail:&nbsp;<a href=\"mailto:marsidaklemo@uamd.edu.al\">marsidaklemo@uamd.edu.al<\/a>\n<\/p><p style=\"text-align: justify;\"><span style=\"text-align: justify;\">Dr. Marsida Klemo is a full-time lecturer in the Department of Applied and Natural Sciences, Professional Studies Faculty, \u201cAleksand\u00ebr Moisiu\u201d University of Durr\u00ebs. Since 2017 she holds the position of Head of this Department. She owns a 5-year degree as a Physicist, a post master in \u201cBiophysics\u201d and a Doctorate in \u201cApplied Physics\u201d, all qualifications obtained from Tirana University. During her period as a lecturer, she has published articles, textbooks for students, has participated in various national and international conferences, Erasmus exchanges as staff training. She has been part of some projects mainly in the field of food security, acoustic and environmental pollution and recently in the Renewable Engine Project.&nbsp;<\/span><br><\/p>\n<p>&nbsp;<\/p>\n<p>&nbsp;&nbsp;<img loading=\"lazy\" decoding=\"async\" src=\"https:\/\/engineproject.eu\/wp-content\/uploads\/2021\/06\/kprendi-150x150.jpg\" alt=\"\" width=\"150\" height=\"150\"><\/p>\n<p><strong>Klarida Prendi&nbsp;Technical Staff\/administrativ&nbsp;<\/strong>E-mail:&nbsp;klaridaprendi@yahoo.com&nbsp;<\/p>\n<p style=\"text-align: justify;\">Klarida Prendi was born in Fier on 9 July 1993. She is currently Specialist in Directorate of Projects and Foreign Relations at Aleksand\u00ebr Moisiu University, Durr\u00ebs, where she contributes in increasing the number of projects applied and implemented by the university in partnership with other universities at home and abroad as well as in civil society. Ms. Prendi holds a Bachelor diploma in Economic Sciences at Aleksand\u00ebr Moisiu University, Durr\u00ebs, Faculty of Business (2015). MSc in Business Economics at Aleksand\u00ebr Moisiu University, Durr\u00ebs, Faculty of Business (2017). She has worked as accountant at Finance Directorate during 2015-2018 at Vrana Security Group. Ms. Prendi is part of Directorate of Projects and Foreign Relations at Aleksand\u00ebr Moisiu University, Durr\u00ebs from 2018. She is author and co-author of 3 (three) International Conferences, 2 (two) National Conferences and 1 (one) workshop.&nbsp; &nbsp; &nbsp;<\/p>\n\n<p>&nbsp;<\/p>\n\n\n\n\n\n\n\n","protected":false},"excerpt":{"rendered":"","protected":false},"author":1,"featured_media":0,"parent":0,"menu_order":0,"comment_status":"closed","ping_status":"closed","template":"","meta":{"pagelayer_contact_templates":[],"_pagelayer_content":"","footnotes":""},"class_list":["post-286","page","type-page","status-publish","hentry"],"_links":{"self":[{"href":"https:\/\/engineproject.eu\/index.php?rest_route=\/wp\/v2\/pages\/286","targetHints":{"allow":["GET"]}}],"collection":[{"href":"https:\/\/engineproject.eu\/index.php?rest_route=\/wp\/v2\/pages"}],"about":[{"href":"https:\/\/engineproject.eu\/index.php?rest_route=\/wp\/v2\/types\/page"}],"author":[{"embeddable":true,"href":"https:\/\/engineproject.eu\/index.php?rest_route=\/wp\/v2\/users\/1"}],"replies":[{"embeddable":true,"href":"https:\/\/engineproject.eu\/index.php?rest_route=%2Fwp%2Fv2%2Fcomments&post=286"}],"version-history":[{"count":10,"href":"https:\/\/engineproject.eu\/index.php?rest_route=\/wp\/v2\/pages\/286\/revisions"}],"predecessor-version":[{"id":942,"href":"https:\/\/engineproject.eu\/index.php?rest_route=\/wp\/v2\/pages\/286\/revisions\/942"}],"wp:attachment":[{"href":"https:\/\/engineproject.eu\/index.php?rest_route=%2Fwp%2Fv2%2Fmedia&parent=286"}],"curies":[{"name":"wp","href":"https:\/\/api.w.org\/{rel}","templated":true}]}}